{"id":1850,"date":"2020-10-26T13:06:34","date_gmt":"2020-10-26T12:06:34","guid":{"rendered":"http:\/\/editionsdudetour.com\/?page_id=1850"},"modified":"2025-02-14T15:40:44","modified_gmt":"2025-02-14T14:40:44","slug":"on-est-la","status":"publish","type":"page","link":"https:\/\/editionsdudetour.com\/index.php\/les-livres\/on-est-la\/","title":{"rendered":""},"content":{"rendered":"<h1><a href=\"http:\/\/editionsdudetour.com\/wp-content\/uploads\/2020\/08\/on-est-la-petit.jpg\"><img loading=\"lazy\" class=\"alignleft wp-image-1822\" src=\"http:\/\/editionsdudetour.com\/wp-content\/uploads\/2020\/08\/on-est-la-petit.jpg\" alt=\"\" width=\"196\" height=\"308\" \/><\/a><\/h1>\n<h1>On est l\u00e0 !<\/h1>\n<h2><em>La manif en crise<\/em><\/h2>\n<h3><span style=\"color: #993300; font-size: 14pt;\">Danielle Tartakowsky<\/span><\/h3>\n<p>Les 32 premiers mois du mandat d\u2019Emmanuel Macron ont compt\u00e9 pas moins de 22 mois de mobilisations sociales de grande ampleur. Celles-ci ont pu prendre des formes in\u00e9dites d\u2019occupation de l\u2019espace public tout en s\u2019inscrivant (ou pas) dans des \u00e9volutions \u00e0 l\u2019\u0153uvre depuis les ann\u00e9es 1970.<\/p>\n<p>En 1995, des manifestations massives ont fait reculer Alain Jupp\u00e9 et sa r\u00e9forme de la S\u00e9curit\u00e9 sociale. Mais qu\u2019en est-il depuis\u00a0? Si cette forme d\u2019action politique semblait en repli en France dans les ann\u00e9es 2000, elle se r\u00e9invente, ici et dans le monde, dans la lutte altermondialiste avec des modalit\u00e9s nouvelles d\u2019occupation de l\u2019espace public, des Zad aux places, jusqu\u2019aux Gilets jaunes.<\/p>\n<p>Ce livre \u00e9tudie les profondes mutations de la manifestation dans les cinquante derni\u00e8res ann\u00e9es. Il permet de comprendre ce qui se joue dans des s\u00e9quences de plus en plus longues en prenant en compte des \u00e9chelles de temps et d\u2019espace (national ou international) qui replacent ces mouvements dans la lutte contre le n\u00e9olib\u00e9ralisme, lui-m\u00eame en crise chronique.<\/p>\n<p><span style=\"color: #993300;\"><strong>Danielle Tartakowsky<\/strong><\/span> est sp\u00e9cialiste de l\u2019histoire sociale et politique de la France, et plus sp\u00e9cifiquement de l\u2019histoire des mouvements sociaux. Elle est\u00a0pr\u00e9sidente du conseil scientifique du campus Condorcet depuis d\u00e9cembre 2022. Elle a publi\u00e9 aux \u00e9ditions du D\u00e9tour : <a href=\"http:\/\/editionsdudetour.com\/index.php\/les-livres\/construire-luniversite-au-xxie-siecle\/\"><em>Construire l\u2019Universit\u00e9 au XXI<sup>e<\/sup>\u00a0si\u00e8cle \u2014 R\u00e9cits d\u2019une pr\u00e9sidence\u2028 Paris 8 \u2014 2012-2016<\/em><\/a> (2017) et, avec Michel Margairaz, <a href=\"http:\/\/editionsdudetour.com\/index.php\/les-livres\/letat-detricote-2\/\"><em>L\u2019\u00c9tat d\u00e9tricot\u00e9 \u2014 De la R\u00e9sistance \u00e0 la R\u00e9publique en marche<\/em>\u2028<\/a> (2<sup>e<\/sup>\u00a0\u00e9dition revue et augment\u00e9e, 2020).<\/p>\n<table>\n<tbody>\n<tr>\n<td>Parution : 29 octobre 2020<\/td>\n<\/tr>\n<tr>\n<td>Genre : essai<\/td>\n<\/tr>\n<tr>\n<td>Domaines : politique, histoire<\/td>\n<\/tr>\n<tr>\n<td>19,90 \u20ac<\/td>\n<\/tr>\n<tr>\n<td>272 pages, broch\u00e9, rabats<\/td>\n<\/tr>\n<tr>\n<td>Format : 14 X 22 cm<\/td>\n<\/tr>\n<tr>\n<td>ISBN : 979-10-97079-65-9<\/td>\n<\/tr>\n<\/tbody>\n<\/table>\n<h1><span style=\"color: #993300;\">Extrait et table des mati\u00e8res<\/span><\/h1>\n\n\t\t<style>\r\n            #h5vp69dc2f27163c7 iframe {  width: 100%; }        <\/style>\r\n        \t    <div id=\"h5vp69dc2f27163c7\" class=\"pdfp_wrapper\">\r\n                        <div class=\"cta_wrapper\">\r\n                \t            <p><a class=\"fullscreenBtn\" href=\"https:\/\/editionsdudetour.com\/wp-content\/plugins\/pdf-poster\/pdfjs\/web\/viewer.html?file=http:\/\/editionsdudetour.com\/wp-content\/uploads\/2020\/08\/On-est-la\u0300-\u2013-pdf-pour-site.pdf&#038;download=true&#038;print=&#038;openfile=false\"><button>View Fullscreen<\/button><\/a><\/p>\r\n            <\/div>\r\n            <div class=\"iframe_wrapper\">\r\n                <iframe loading=\"lazy\" width=\"100%\" height=\"1122px\" src=\"https:\/\/editionsdudetour.com\/wp-content\/plugins\/pdf-poster\/pdfjs\/web\/viewer.html?file=http:\/\/editionsdudetour.com\/wp-content\/uploads\/2020\/08\/On-est-la\u0300-\u2013-pdf-pour-site.pdf&#038;download=true&#038;print=&#038;openfile=false\"><\/iframe>\r\n            <\/div>\r\n\t    <\/div>\r\n        ","protected":false},"excerpt":{"rendered":"<p>On est l\u00e0 ! La manif en crise Danielle Tartakowsky Les 32 premiers mois du mandat d\u2019Emmanuel Macron ont compt\u00e9 pas moins de 22 mois de mobilisations sociales de grande ampleur. Celles-ci ont pu prendre des formes in\u00e9dites d\u2019occupation de l\u2019espace public tout en s\u2019inscrivant (ou pas) dans des \u00e9volutions \u00e0 l\u2019\u0153uvre depuis les ann\u00e9es [&hellip;]<\/p>\n","protected":false},"author":2,"featured_media":0,"parent":14,"menu_order":0,"comment_status":"closed","ping_status":"closed","template":"","meta":[],"_links":{"self":[{"href":"https:\/\/editionsdudetour.com\/index.php\/wp-json\/wp\/v2\/pages\/1850"}],"collection":[{"href":"https:\/\/editionsdudetour.com\/index.php\/wp-json\/wp\/v2\/pages"}],"about":[{"href":"https:\/\/editionsdudetour.com\/index.php\/wp-json\/wp\/v2\/types\/page"}],"author":[{"embeddable":true,"href":"https:\/\/editionsdudetour.com\/index.php\/wp-json\/wp\/v2\/users\/2"}],"replies":[{"embeddable":true,"href":"https:\/\/editionsdudetour.com\/index.php\/wp-json\/wp\/v2\/comments?post=1850"}],"version-history":[{"count":12,"href":"https:\/\/editionsdudetour.com\/index.php\/wp-json\/wp\/v2\/pages\/1850\/revisions"}],"predecessor-version":[{"id":4791,"href":"https:\/\/editionsdudetour.com\/index.php\/wp-json\/wp\/v2\/pages\/1850\/revisions\/4791"}],"up":[{"embeddable":true,"href":"https:\/\/editionsdudetour.com\/index.php\/wp-json\/wp\/v2\/pages\/14"}],"wp:attachment":[{"href":"https:\/\/editionsdudetour.com\/index.php\/wp-json\/wp\/v2\/media?parent=1850"}],"curies":[{"name":"wp","href":"https:\/\/api.w.org\/{rel}","templated":true}]}}