{"id":175,"date":"2016-12-25T22:33:15","date_gmt":"2016-12-25T21:33:15","guid":{"rendered":"http:\/\/editionsdudetour.com\/?page_id=175"},"modified":"2026-03-11T17:52:42","modified_gmt":"2026-03-11T16:52:42","slug":"nous-contacter","status":"publish","type":"page","link":"https:\/\/editionsdudetour.com\/index.php\/nous-contacter\/","title":{"rendered":"Nous contacter"},"content":{"rendered":"<p><span style=\"color: #800000;\">Nous \u00e9crire :<\/span><\/p>\n<ul>\n<li><a href=\"mailto:bertrandbernard@editionsdudetour.com\">bertrandbernard@editionsdudetour.com<\/a><\/li>\n<li><a href=\"mailto:administration@editionsdudetour.com\">administration@editionsdudetour.com<\/a><\/li>\n<li>Presse : <a href=\"mailto:presse@editionsdudetour.com\">presse@editionsdudetour.com<\/a><\/li>\n<li>Foreign rights\u00a0 : <a href=\"mailto:rights@editionsdudetour.com\">rights@editionsdudetour.com<\/a><\/li>\n<\/ul>\n<p><span style=\"color: #800000;\">Manuscrits :<\/span> Envoyez-nous vos textes et projets par email, nous examinons tous les manuscrits. Si le v\u00f4tre nous int\u00e9resse, nous vous r\u00e9pondrons dans les trois mois suivant la r\u00e9ception de l&rsquo;ouvrage. Nous n&rsquo;acceptons pas les tapuscrits imprim\u00e9s. Nous ne publions ni romans, ni nouvelles, ni po\u00e9sie, ni th\u00e9\u00e2tre.<\/p>\n<p>\u00c9ditions du D\u00e9tour : 71, rue de Bagnolet 75020 Paris<\/p>\n","protected":false},"excerpt":{"rendered":"<p>Nous \u00e9crire : bertrandbernard@editionsdudetour.com administration@editionsdudetour.com Presse : presse@editionsdudetour.com Foreign rights\u00a0 : rights@editionsdudetour.com Manuscrits : Envoyez-nous vos textes et projets par email, nous examinons tous les manuscrits. Si le v\u00f4tre nous int\u00e9resse, nous vous r\u00e9pondrons dans les trois mois suivant la r\u00e9ception de l&rsquo;ouvrage. Nous n&rsquo;acceptons pas les tapuscrits imprim\u00e9s. Nous ne publions ni romans, ni [&hellip;]<\/p>\n","protected":false},"author":1,"featured_media":0,"parent":0,"menu_order":0,"comment_status":"closed","ping_status":"closed","template":"","meta":[],"_links":{"self":[{"href":"https:\/\/editionsdudetour.com\/index.php\/wp-json\/wp\/v2\/pages\/175"}],"collection":[{"href":"https:\/\/editionsdudetour.com\/index.php\/wp-json\/wp\/v2\/pages"}],"about":[{"href":"https:\/\/editionsdudetour.com\/index.php\/wp-json\/wp\/v2\/types\/page"}],"author":[{"embeddable":true,"href":"https:\/\/editionsdudetour.com\/index.php\/wp-json\/wp\/v2\/users\/1"}],"replies":[{"embeddable":true,"href":"https:\/\/editionsdudetour.com\/index.php\/wp-json\/wp\/v2\/comments?post=175"}],"version-history":[{"count":19,"href":"https:\/\/editionsdudetour.com\/index.php\/wp-json\/wp\/v2\/pages\/175\/revisions"}],"predecessor-version":[{"id":6491,"href":"https:\/\/editionsdudetour.com\/index.php\/wp-json\/wp\/v2\/pages\/175\/revisions\/6491"}],"wp:attachment":[{"href":"https:\/\/editionsdudetour.com\/index.php\/wp-json\/wp\/v2\/media?parent=175"}],"curies":[{"name":"wp","href":"https:\/\/api.w.org\/{rel}","templated":true}]}}