{"id":172,"date":"2016-12-25T22:30:14","date_gmt":"2016-12-25T21:30:14","guid":{"rendered":"http:\/\/editionsdudetour.com\/?page_id=172"},"modified":"2025-01-27T16:16:42","modified_gmt":"2025-01-27T15:16:42","slug":"professionnels","status":"publish","type":"page","link":"https:\/\/editionsdudetour.com\/index.php\/professionnels\/","title":{"rendered":"Professionnels"},"content":{"rendered":"<p><strong>Diffusion :<\/strong> CDE<\/p>\n<p><strong>Distribution :<\/strong> <a href=\"http:\/\/www.sodis.fr\/\">SODIS<\/a><\/p>\n<p><strong>Attach\u00e9 de presse :<\/strong> <a href=\"mailto:presse@editionsdudetour.com\">presse@editionsdudetour.com<\/a><\/p>\n<p><strong>Libraires :<\/strong><br \/>Vous souhaitez \u00eatre inform\u00e9 des prochaines parutions ? Organiser une rencontre dans votre librairie ? Recevoir un service de presse ? Envoyez-nous un mail \u00e0 cette adresse : <a href=\"mailto:evenementiel@editionsdudetour.com\">evenementiel@editionsdudetour.com<\/a><\/p>\n<p><strong>Cessions de droits \/ Rights inquieries :<\/strong> <a href=\"mailto:rights@editionsdudetour.com\">rights@editionsdudetour.com<\/a><\/p>\n\n","protected":false},"excerpt":{"rendered":"<p>Diffusion : CDE Distribution : SODIS Attach\u00e9 de presse : presse@editionsdudetour.com Libraires :Vous souhaitez \u00eatre inform\u00e9 des prochaines parutions ? Organiser une rencontre dans votre librairie ? Recevoir un service de presse ? Envoyez-nous un mail \u00e0 cette adresse : evenementiel@editionsdudetour.com Cessions de droits \/ Rights inquieries : rights@editionsdudetour.com<\/p>\n","protected":false},"author":1,"featured_media":0,"parent":0,"menu_order":0,"comment_status":"closed","ping_status":"closed","template":"","meta":[],"_links":{"self":[{"href":"https:\/\/editionsdudetour.com\/index.php\/wp-json\/wp\/v2\/pages\/172"}],"collection":[{"href":"https:\/\/editionsdudetour.com\/index.php\/wp-json\/wp\/v2\/pages"}],"about":[{"href":"https:\/\/editionsdudetour.com\/index.php\/wp-json\/wp\/v2\/types\/page"}],"author":[{"embeddable":true,"href":"https:\/\/editionsdudetour.com\/index.php\/wp-json\/wp\/v2\/users\/1"}],"replies":[{"embeddable":true,"href":"https:\/\/editionsdudetour.com\/index.php\/wp-json\/wp\/v2\/comments?post=172"}],"version-history":[{"count":20,"href":"https:\/\/editionsdudetour.com\/index.php\/wp-json\/wp\/v2\/pages\/172\/revisions"}],"predecessor-version":[{"id":4757,"href":"https:\/\/editionsdudetour.com\/index.php\/wp-json\/wp\/v2\/pages\/172\/revisions\/4757"}],"wp:attachment":[{"href":"https:\/\/editionsdudetour.com\/index.php\/wp-json\/wp\/v2\/media?parent=172"}],"curies":[{"name":"wp","href":"https:\/\/api.w.org\/{rel}","templated":true}]}}