{"id":1645,"date":"2020-08-19T11:08:26","date_gmt":"2020-08-19T09:08:26","guid":{"rendered":"http:\/\/editionsdudetour.com\/?page_id=1645"},"modified":"2025-05-15T11:49:00","modified_gmt":"2025-05-15T09:49:00","slug":"rage-against-the-machisme","status":"publish","type":"page","link":"https:\/\/editionsdudetour.com\/index.php\/les-livres\/rage-against-the-machisme\/","title":{"rendered":""},"content":{"rendered":"\n<h1><a href=\"http:\/\/editionsdudetour.com\/wp-content\/uploads\/2020\/08\/Rage-against-the-machisme-grande.jpg\"><img loading=\"lazy\" class=\"wp-image-1547 alignleft\" src=\"http:\/\/editionsdudetour.com\/wp-content\/uploads\/2020\/07\/Rage-against-the-machisme-couverture-BAT-668x1024.jpg\" alt=\"\" width=\"193\" height=\"296\" srcset=\"https:\/\/editionsdudetour.com\/wp-content\/uploads\/2020\/07\/Rage-against-the-machisme-couverture-BAT-668x1024.jpg 668w, https:\/\/editionsdudetour.com\/wp-content\/uploads\/2020\/07\/Rage-against-the-machisme-couverture-BAT-196x300.jpg 196w, https:\/\/editionsdudetour.com\/wp-content\/uploads\/2020\/07\/Rage-against-the-machisme-couverture-BAT-768x1178.jpg 768w, https:\/\/editionsdudetour.com\/wp-content\/uploads\/2020\/07\/Rage-against-the-machisme-couverture-BAT-624x957.jpg 624w, https:\/\/editionsdudetour.com\/wp-content\/uploads\/2020\/07\/Rage-against-the-machisme-couverture-BAT-1320x2024.jpg 1320w, https:\/\/editionsdudetour.com\/wp-content\/uploads\/2020\/07\/Rage-against-the-machisme-couverture-BAT.jpg 1772w\" sizes=\"(max-width: 193px) 100vw, 193px\" \/><\/a>Rage against the Machisme<\/h1>\n<h3><span style=\"color: #993300;\">Mathilde Larr\u00e8re<\/span><\/h3>\n<p><strong>Illustrations\u2009: Fred Sochard<\/strong><\/p>\n<p><em>Les femmes ont une histoire, une histoire de luttes pour leurs droits, conquis, arrach\u00e9s, d\u00e9fendus, une histoire de col\u00e8re contre les discriminations, les in\u00e9galit\u00e9s, une \u00ab Rage against the Machisme \u00bb.<\/em><\/p>\n<p>L\u2019historienne Mathilde Larr\u00e8re retrace les combats f\u00e9ministes de la R\u00e9volution fran\u00e7aise jusqu\u2019au mouvement #MeToo d\u2019aujourd\u2019hui, sur les pas de Louise Michel, de Gis\u00e8le Halimi, mais aussi de tant d\u2019autres invisibilis\u00e9es, comme Pauline L\u00e9on, Malika El Fassi, les colleuses contre les f\u00e9minicides\u2026<br \/>\u00c0 l\u2019histoire, le livre m\u00eale des r\u00e9cits, des documents d\u2019\u00e9poque, des chansons et des slogans, refl\u00e9tant l\u2019ardeur et la d\u00e9termination de celles qui n\u2019acceptent pas l\u2019in\u00e9galit\u00e9 des sexes, montrant combien elles se tiennent la main au-del\u00e0 des si\u00e8cles.<\/p>\n<p>Luttes pour l\u2019\u00e9galit\u00e9, pour les droits de voter, s\u2019instruire, se d\u00e9fendre, gouverner leurs propres corps, mais aussi pour l\u2019\u00e9mancipation des femmes des colonies : autant de domaines o\u00f9 la libert\u00e9 des femmes a \u00e9t\u00e9 bafou\u00e9e, autant de droits \u00e0 conqu\u00e9rir et \u00e0 d\u00e9fendre, encore, aujourd\u2019hui et demain.<\/p>\n<p><span style=\"color: #993300;\"><strong>Mathilde Larr\u00e8re<\/strong><\/span> est historienne, sp\u00e9cialiste des r\u00e9volutions du XIX<sup>e<\/sup> si\u00e8cle et enseignante-chercheuse \u00e0 l\u2019universit\u00e9 de Paris-Est-Marne-la-Vall\u00e9e. Elle tient \u00e9galement une chronique historique pour <em>Arr\u00eat sur Image<\/em> et la rubrique \u00ab L\u2019Histoire n\u2019est pas un roman \u00bb pour <em>Politis<\/em>, avec Laurence De Cock. Elle a publi\u00e9 aux \u00e9ditions du D\u00e9tour : <a href=\"http:\/\/editionsdudetour.com\/index.php\/les-livres\/il-etait-une-fois-les-revolutions\/\"><em>Il \u00e9tait une fois les r\u00e9volutions<\/em><\/a> (2019) et, avec Aude Lorriaux, <a href=\"http:\/\/editionsdudetour.com\/index.php\/les-livres\/des-intrus-en-politique\/\"><em>Des intrus en politique \u2014 Femmes et minorit\u00e9s : dominations et r\u00e9sistances<\/em><\/a> (2018).<\/p>\n<p>En savoir plus en visitant\u00a0<a href=\"https:\/\/editionsdudetour.com\/index.php\/mathilde-larrere-plus-dinfos-2\/\" target=\"_blank\" rel=\"noopener noreferrer\"><strong>l<\/strong><strong>a page d\u00e9di\u00e9e<\/strong>.<\/a><\/p>\n<table>\n<tbody>\n<tr>\n<td>Parution : 27 ao\u00fbt 2020<\/td>\n<\/tr>\n<tr>\n<td>Genre : essai<\/td>\n<\/tr>\n<tr>\n<td>Domaines : f\u00e9minisme, histoire<\/td>\n<\/tr>\n<tr>\n<td>18,90 \u20ac<\/td>\n<\/tr>\n<tr>\n<td>224 pages, broch\u00e9, rabats<\/td>\n<\/tr>\n<tr>\n<td>Format : 14 X 22 cm<\/td>\n<\/tr>\n<tr>\n<td>ISBN : 979-10-97079-63-5<\/td>\n<\/tr>\n<\/tbody>\n<\/table>\n\n\n\n<h3 class=\"has-text-color\" style=\"color:#a30003\">Extrait et table des mati\u00e8res<\/h3>\n\n\n\n<p><\/p>\n\n\n\t\t<style>\r\n            #h5vp69d045ed41582 iframe {  width: 100%; }        <\/style>\r\n        \t    <div id=\"h5vp69d045ed41582\" class=\"pdfp_wrapper\">\r\n                        <div class=\"cta_wrapper\">\r\n                \t            <p><a class=\"fullscreenBtn\" href=\"https:\/\/editionsdudetour.com\/wp-content\/plugins\/pdf-poster\/pdfjs\/web\/viewer.html?file=http:\/\/editionsdudetour.com\/wp-content\/uploads\/2023\/09\/pour-site-Rage-against-the-machisme-\u2013-Mathilde-Larrere.pdf&#038;download=true&#038;print=false&#038;openfile=false\"><button>View Fullscreen<\/button><\/a><\/p>\r\n            <\/div>\r\n            <div class=\"iframe_wrapper\">\r\n                <iframe loading=\"lazy\" width=\"100%\" height=\"1122px\" src=\"https:\/\/editionsdudetour.com\/wp-content\/plugins\/pdf-poster\/pdfjs\/web\/viewer.html?file=http:\/\/editionsdudetour.com\/wp-content\/uploads\/2023\/09\/pour-site-Rage-against-the-machisme-\u2013-Mathilde-Larrere.pdf&#038;download=true&#038;print=false&#038;openfile=false\"><\/iframe>\r\n            <\/div>\r\n\t    <\/div>\r\n        \n\n\n<p><\/p>\n","protected":false},"excerpt":{"rendered":"<p>Rage against the Machisme Mathilde Larr\u00e8re Illustrations\u2009: Fred Sochard Les femmes ont une histoire, une histoire de luttes pour leurs droits, conquis, arrach\u00e9s, d\u00e9fendus, une histoire de col\u00e8re contre les discriminations, les in\u00e9galit\u00e9s, une \u00ab Rage against the Machisme \u00bb. L\u2019historienne Mathilde Larr\u00e8re retrace les combats f\u00e9ministes de la R\u00e9volution fran\u00e7aise jusqu\u2019au mouvement #MeToo d\u2019aujourd\u2019hui, [&hellip;]<\/p>\n","protected":false},"author":2,"featured_media":0,"parent":14,"menu_order":0,"comment_status":"closed","ping_status":"closed","template":"","meta":[],"_links":{"self":[{"href":"https:\/\/editionsdudetour.com\/index.php\/wp-json\/wp\/v2\/pages\/1645"}],"collection":[{"href":"https:\/\/editionsdudetour.com\/index.php\/wp-json\/wp\/v2\/pages"}],"about":[{"href":"https:\/\/editionsdudetour.com\/index.php\/wp-json\/wp\/v2\/types\/page"}],"author":[{"embeddable":true,"href":"https:\/\/editionsdudetour.com\/index.php\/wp-json\/wp\/v2\/users\/2"}],"replies":[{"embeddable":true,"href":"https:\/\/editionsdudetour.com\/index.php\/wp-json\/wp\/v2\/comments?post=1645"}],"version-history":[{"count":27,"href":"https:\/\/editionsdudetour.com\/index.php\/wp-json\/wp\/v2\/pages\/1645\/revisions"}],"predecessor-version":[{"id":6173,"href":"https:\/\/editionsdudetour.com\/index.php\/wp-json\/wp\/v2\/pages\/1645\/revisions\/6173"}],"up":[{"embeddable":true,"href":"https:\/\/editionsdudetour.com\/index.php\/wp-json\/wp\/v2\/pages\/14"}],"wp:attachment":[{"href":"https:\/\/editionsdudetour.com\/index.php\/wp-json\/wp\/v2\/media?parent=1645"}],"curies":[{"name":"wp","href":"https:\/\/api.w.org\/{rel}","templated":true}]}}