{"id":1430,"date":"2020-03-20T11:02:29","date_gmt":"2020-03-20T10:02:29","guid":{"rendered":"http:\/\/editionsdudetour.com\/?page_id=1430"},"modified":"2023-02-16T19:02:01","modified_gmt":"2023-02-16T18:02:01","slug":"letat-detricote-2","status":"publish","type":"page","link":"https:\/\/editionsdudetour.com\/index.php\/les-livres\/letat-detricote-2\/","title":{"rendered":"L\u2019\u00c9tat d\u00e9tricot\u00e9"},"content":{"rendered":"\n<h1><a href=\"http:\/\/editionsdudetour.com\/wp-content\/uploads\/2023\/02\/41yLfC1eJiL._SY346_.jpg\"><img loading=\"lazy\" width=\"186\" height=\"292\" class=\"wp-image-1372 alignleft\" src=\"http:\/\/editionsdudetour.com\/wp-content\/uploads\/2023\/02\/41yLfC1eJiL._SY346_.jpg\" alt=\"\"><\/a><\/h1>\n\n\n\n<h1>L\u2019\u00c9tat d\u00e9tricot\u00e9<\/h1>\n\n\n\n<h2><em>De la R\u00e9sistance \u00e0 la R\u00e9publique en marche<br>2<sup>e<\/sup> \u00e9dition revue et augment\u00e9e<br><\/em><\/h2>\n\n\n\n<h3><span style=\"color: #993300;\">Michel Margairaz &amp; Danielle Tartakowsky<\/span><\/h3>\n\n\n\n<p>Depuis son \u00e9lection en mai 2017, Emmanuel Macron annonce, les unes \u00e0 la suite des autres, des mesures visant \u00e0 enterrer le \u00ab vieux monde \u00bb issu du compromis social h\u00e9rit\u00e9 de la Lib\u00e9ration. Mais il ne pr\u00e9cise pas l\u00e0 o\u00f9 il compte mener la soci\u00e9t\u00e9. \u00ab En marche \u00bb, certes, mais\u2026 vers o\u00f9 ?<\/p>\n\n\n\n<p>Pour mieux comprendre la dynamique engag\u00e9e, Michel Margairaz et Danielle Tartakowsky analysent comment, depuis le Conseil national de la R\u00e9sistance et son programme, plusieurs visions s\u2019affrontent, les id\u00e9es lib\u00e9rales ou r\u00e9gulatrices gagnant du terrain ou en perdant selon les s\u00e9quences historiques et les domaines, \u00e9conomiques ou soci\u00e9taux.<\/p>\n\n\n\n<p>De l\u2019imm\u00e9diate apr\u00e8s-guerre \u00e0 aujourd\u2019hui, en passant par la cr\u00e9ation du Plan, Mai 1968, la construction europ\u00e9enne, la globalisation de l\u2019\u00e9conomie ou l\u2019essor de revendications individuelles au d\u00e9triment du collectif, les fonctions de l\u2019\u00c9tat vont se remodeler suivant un encha\u00eenement complexe. L\u00e0 o\u00f9, apr\u00e8s guerre, gaullistes et communistes d\u00e9fendaient diff\u00e9rentes versions d\u2019un \u00c9tat r\u00e9gulateur, s\u2019est impos\u00e9 progressivement un d\u00e9tricotage de l\u2019\u00c9tat social. Mais aussi, et les auteurs le d\u00e9montrent ici avec brio, une consolidation, voire un durcissement du r\u00f4le de l\u2019\u00c9tat s\u00e9curitaire, alternativement port\u00e9 par les gouvernements de droite ou de gauche.<\/p>\n\n\n\n<p>Cette deuxi\u00e8me \u00e9dition revue et augment\u00e9e rend compte de l\u2019acc\u00e9l\u00e9ration r\u00e9cente des r\u00e9formes et des inqui\u00e9tudes \u2014 l\u00e9gitimes \u2014 qu\u2019elles suscitent.<\/p>\n\n\n\n<p><span style=\"color: #993300;\"><strong>Michel Margairaz<\/strong><\/span> est professeur \u00e9m\u00e9rite d\u2019histoire \u00e9conomique contemporaine \u00e0 l\u2019universit\u00e9 Paris-1-Panth\u00e9on-Sorbonne.<br><span style=\"color: #993300;\"><strong>Danielle Tartakowsky<\/strong><\/span> est professeur \u00e9m\u00e9rite d\u2019histoire contemporaine de l\u2019universit\u00e9 Paris-8-Vincennes-Saint-Denis. Pr\u00e9sidente du conseil scientifique du campus Condorcet depuis d\u00e9cembre 2022, elle est sp\u00e9cialiste d\u2019histoire sociale et politique. Elle a publi\u00e9 aux \u00c9ditions du D\u00e9tour <em><a href=\"http:\/\/editionsdudetour.com\/index.php\/les-livres\/construire-luniversite-au-xxie-siecle\/\">Construire l\u2019Universit\u00e9 au XXI<sup>e<\/sup> si\u00e8cle, R\u00e9cits d\u2019une pr\u00e9sidence, Paris 8 \u2014 2012-2016<\/a><\/em> et <em><a href=\"http:\/\/editionsdudetour.com\/index.php\/les-livres\/on-est-la\/\">On est l\u00e0 ! \u2014 La manif en crise<\/a><\/em>.<br>Ils sont auteurs de nombreux ouvrages dont, ensemble, <em>L\u2019avenir nous appartient\u2009!\u2009: une histoire du Front populaire<\/em>, Larousse, 2006 et <em>1968, entre lib\u00e9ration et lib\u00e9ralisation La grande bifurcation<\/em>, Presses universitaires de Rennes, 2010.<\/p>\n\n\n\n<figure class=\"wp-block-table\">\n<table>\n<tbody>\n<tr>\n<td>Parution : 19 mars 2020<\/td>\n<\/tr>\n<tr>\n<td>Genre : essai<\/td>\n<\/tr>\n<tr>\n<td>19,90 \u20ac<\/td>\n<\/tr>\n<tr>\n<td>248 pages, broch\u00e9, rabats<\/td>\n<\/tr>\n<tr>\n<td>Format : 14 X 22 cm<\/td>\n<\/tr>\n<tr>\n<td>ISBN : 979-10-97079-52-9<\/td>\n<\/tr>\n<\/tbody>\n<\/table>\n<\/figure>\n\n\n\n<p><\/p>\n\n\n\n<p><strong><span style=\"color:#9f0709\" class=\"tadv-color\">Extrait et table des mati\u00e8res<\/span><\/strong><\/p>\n\n\n\n<p><\/p>\n\n\n\t\t<style>\r\n            #h5vp69e1fac3a7cb6 iframe {  width: 100%; }        <\/style>\r\n        \t    <div id=\"h5vp69e1fac3a7cb6\" class=\"pdfp_wrapper\">\r\n                        <div class=\"cta_wrapper\">\r\n                \t            <p><a class=\"fullscreenBtn\" href=\"https:\/\/editionsdudetour.com\/wp-content\/plugins\/pdf-poster\/pdfjs\/web\/viewer.html?file=http:\/\/editionsdudetour.com\/wp-content\/uploads\/2020\/08\/LE\u0301tat-de\u0301tricote\u0301-2e-e\u0301dition-pour-site.pdf&#038;download=true&#038;print=&#038;openfile=false\"><button>View Fullscreen<\/button><\/a><\/p>\r\n            <\/div>\r\n            <div class=\"iframe_wrapper\">\r\n                <iframe loading=\"lazy\" width=\"100%\" height=\"1122px\" src=\"https:\/\/editionsdudetour.com\/wp-content\/plugins\/pdf-poster\/pdfjs\/web\/viewer.html?file=http:\/\/editionsdudetour.com\/wp-content\/uploads\/2020\/08\/LE\u0301tat-de\u0301tricote\u0301-2e-e\u0301dition-pour-site.pdf&#038;download=true&#038;print=&#038;openfile=false\"><\/iframe>\r\n            <\/div>\r\n\t    <\/div>\r\n        ","protected":false},"excerpt":{"rendered":"<p>L\u2019\u00c9tat d\u00e9tricot\u00e9 De la R\u00e9sistance \u00e0 la R\u00e9publique en marche2e \u00e9dition revue et augment\u00e9e Michel Margairaz &amp; Danielle Tartakowsky Depuis son \u00e9lection en mai 2017, Emmanuel Macron annonce, les unes \u00e0 la suite des autres, des mesures visant \u00e0 enterrer le \u00ab vieux monde \u00bb issu du compromis social h\u00e9rit\u00e9 de la Lib\u00e9ration. Mais il [&hellip;]<\/p>\n","protected":false},"author":2,"featured_media":0,"parent":14,"menu_order":0,"comment_status":"closed","ping_status":"closed","template":"","meta":[],"_links":{"self":[{"href":"https:\/\/editionsdudetour.com\/index.php\/wp-json\/wp\/v2\/pages\/1430"}],"collection":[{"href":"https:\/\/editionsdudetour.com\/index.php\/wp-json\/wp\/v2\/pages"}],"about":[{"href":"https:\/\/editionsdudetour.com\/index.php\/wp-json\/wp\/v2\/types\/page"}],"author":[{"embeddable":true,"href":"https:\/\/editionsdudetour.com\/index.php\/wp-json\/wp\/v2\/users\/2"}],"replies":[{"embeddable":true,"href":"https:\/\/editionsdudetour.com\/index.php\/wp-json\/wp\/v2\/comments?post=1430"}],"version-history":[{"count":14,"href":"https:\/\/editionsdudetour.com\/index.php\/wp-json\/wp\/v2\/pages\/1430\/revisions"}],"predecessor-version":[{"id":4721,"href":"https:\/\/editionsdudetour.com\/index.php\/wp-json\/wp\/v2\/pages\/1430\/revisions\/4721"}],"up":[{"embeddable":true,"href":"https:\/\/editionsdudetour.com\/index.php\/wp-json\/wp\/v2\/pages\/14"}],"wp:attachment":[{"href":"https:\/\/editionsdudetour.com\/index.php\/wp-json\/wp\/v2\/media?parent=1430"}],"curies":[{"name":"wp","href":"https:\/\/api.w.org\/{rel}","templated":true}]}}