{"id":1255,"date":"2019-11-09T23:23:05","date_gmt":"2019-11-09T22:23:05","guid":{"rendered":"http:\/\/editionsdudetour.com\/?page_id=1255"},"modified":"2021-12-19T20:33:55","modified_gmt":"2021-12-19T19:33:55","slug":"ma-vie","status":"publish","type":"page","link":"https:\/\/editionsdudetour.com\/index.php\/les-livres\/ma-vie\/","title":{"rendered":"Ma Vie"},"content":{"rendered":"\n<h1><a href=\"http:\/\/editionsdudetour.com\/wp-content\/uploads\/2020\/08\/Ma-vie-couverture-scaled.jpg\"><img loading=\"lazy\" class=\"wp-image-1091 size-medium alignleft\" src=\"http:\/\/editionsdudetour.com\/wp-content\/uploads\/2019\/10\/Ma-vie-couverture-BAT.jpg\" alt=\"\" width=\"200\" height=\"300\"><\/a><\/h1>\n<h1>Ma Vie<\/h1>\n<h3><span style=\"color: #993300;\">L\u00e9on Trotsky<\/span><\/h3>\n<p><strong>Pr\u00e9face d&rsquo;Edwy Plenel<\/strong><\/p>\n\n\n<p>L\u2019un des destins les plus \u00e9tonnants du XX<sup>e<\/sup> si\u00e8cle par celui qui l\u2019a v\u00e9cu.<\/p>\n<p><strong><span style=\"color: #993300;\">L\u00e9on Trotsky<\/span><\/strong> (1879-1940), r\u00e9volutionnaire communiste, th\u00e9oricien politique et homme d\u2019\u00c9tat russe, est un fils de paysans juifs ukrainiens. Il est une figure majeure des r\u00e9volutions russes. Pr\u00e9sident du Soviet des d\u00e9put\u00e9s de P\u00e9tersbourg, en 1905, \u00e0 l\u2019\u00e2ge de vingt-six ans. Commissaire du peuple aux Affaires \u00e9trang\u00e8res, il m\u00e8ne les pourparlers de paix \u00e0 Brest-Litovsk, en 1917. Commissaire du peuple \u00e0 la Guerre, de 1918 \u00e0 1925, il cr\u00e9e et dirige l\u2019Arm\u00e9e rouge, de son train blind\u00e9.<\/p>\n<p><span style=\"color: #993300;\"><strong>La r\u00e9volution russe d\u2019octobre 1917<\/strong><\/span> marque durablement le XX<sup>e<\/sup> si\u00e8cle de son sceau. Synonyme d\u2019espoir et de progr\u00e8s social pour des millions de personnes \u00e0 travers le monde, elle s\u2019ab\u00eeme dans le totalitarisme avec la victoire de Staline et l\u2019\u00e9viction de Trotsky dans la course \u00e0 la succession de L\u00e9nine, apr\u00e8s la mort de celui-ci, le 21 janvier 1924. Elle est racont\u00e9e ici de l\u2019int\u00e9rieur, par l\u2019un de ses principaux protagonistes.<\/p>\n<p>Ce livre est la r\u00e9\u00e9dition de l\u2019ouvrage paru en 1930, aux \u00e9ditions Rieder, dans la tr\u00e8s belle traduction de <strong><span style=\"color: #993300;\">Maurice Parijanine<\/span><\/strong>, \u00e9galement traducteur d\u2019Isaac Babel et d\u2019Ivan Bounine.<\/p>\n<p><strong><span style=\"color: #993300;\">Edwy Plenel<\/span> <\/strong>est journaliste, \u00e9crivain, cofondateur de Mediapart.<\/p>\n<table style=\"height: 201px;\" width=\"624\">\n<tbody>\n<tr>\n<td style=\"width: 624px;\">Parution : 14 novembre 2019<\/td>\n<\/tr>\n<tr>\n<td style=\"width: 624px;\">27 \u20ac<\/td>\n<\/tr>\n<tr>\n<td style=\"width: 624px;\">752 pages<\/td>\n<\/tr>\n<tr>\n<td style=\"width: 624px;\">Format : 16 X 24 cm<\/td>\n<\/tr>\n<tr>\n<td style=\"width: 624px;\">ISBN : 979-10-97079-47-5<\/td>\n<\/tr>\n<\/tbody>\n<\/table>\n\n\n\n<p>\u00a0<\/p>\n<h3>Pr\u00e9face et table des mati\u00e8res<\/h3>\n<p>\u00a0<\/p>\n\n\n\t\t<style>\r\n            #h5vp6a079c6cb3276 iframe {  width: 100%; }        <\/style>\r\n        \t    <div id=\"h5vp6a079c6cb3276\" class=\"pdfp_wrapper\">\r\n                        <div class=\"cta_wrapper\">\r\n                \t            <p><a class=\"fullscreenBtn\" href=\"https:\/\/editionsdudetour.com\/wp-content\/plugins\/pdf-poster\/pdfjs\/web\/viewer.html?file=http:\/\/editionsdudetour.com\/wp-content\/uploads\/2020\/08\/Ma-Vie-inte\u0301rieur-\u2013-Le\u0301on-Trotsky-pour-site.pdf&#038;download=true&#038;print=&#038;openfile=false\"><button>View Fullscreen<\/button><\/a><\/p>\r\n            <\/div>\r\n            <div class=\"iframe_wrapper\">\r\n                <iframe loading=\"lazy\" width=\"100%\" height=\"1122px\" src=\"https:\/\/editionsdudetour.com\/wp-content\/plugins\/pdf-poster\/pdfjs\/web\/viewer.html?file=http:\/\/editionsdudetour.com\/wp-content\/uploads\/2020\/08\/Ma-Vie-inte\u0301rieur-\u2013-Le\u0301on-Trotsky-pour-site.pdf&#038;download=true&#038;print=&#038;openfile=false\"><\/iframe>\r\n            <\/div>\r\n\t    <\/div>\r\n        ","protected":false},"excerpt":{"rendered":"<p>Ma Vie L\u00e9on Trotsky Pr\u00e9face d&rsquo;Edwy Plenel L\u2019un des destins les plus \u00e9tonnants du XXe si\u00e8cle par celui qui l\u2019a v\u00e9cu. L\u00e9on Trotsky (1879-1940), r\u00e9volutionnaire communiste, th\u00e9oricien politique et homme d\u2019\u00c9tat russe, est un fils de paysans juifs ukrainiens. Il est une figure majeure des r\u00e9volutions russes. Pr\u00e9sident du Soviet des d\u00e9put\u00e9s de P\u00e9tersbourg, en [&hellip;]<\/p>\n","protected":false},"author":1,"featured_media":0,"parent":14,"menu_order":0,"comment_status":"closed","ping_status":"closed","template":"","meta":[],"_links":{"self":[{"href":"https:\/\/editionsdudetour.com\/index.php\/wp-json\/wp\/v2\/pages\/1255"}],"collection":[{"href":"https:\/\/editionsdudetour.com\/index.php\/wp-json\/wp\/v2\/pages"}],"about":[{"href":"https:\/\/editionsdudetour.com\/index.php\/wp-json\/wp\/v2\/types\/page"}],"author":[{"embeddable":true,"href":"https:\/\/editionsdudetour.com\/index.php\/wp-json\/wp\/v2\/users\/1"}],"replies":[{"embeddable":true,"href":"https:\/\/editionsdudetour.com\/index.php\/wp-json\/wp\/v2\/comments?post=1255"}],"version-history":[{"count":4,"href":"https:\/\/editionsdudetour.com\/index.php\/wp-json\/wp\/v2\/pages\/1255\/revisions"}],"predecessor-version":[{"id":2722,"href":"https:\/\/editionsdudetour.com\/index.php\/wp-json\/wp\/v2\/pages\/1255\/revisions\/2722"}],"up":[{"embeddable":true,"href":"https:\/\/editionsdudetour.com\/index.php\/wp-json\/wp\/v2\/pages\/14"}],"wp:attachment":[{"href":"https:\/\/editionsdudetour.com\/index.php\/wp-json\/wp\/v2\/media?parent=1255"}],"curies":[{"name":"wp","href":"https:\/\/api.w.org\/{rel}","templated":true}]}}