{"id":1212,"date":"2019-10-11T17:35:27","date_gmt":"2019-10-11T15:35:27","guid":{"rendered":"http:\/\/editionsdudetour.com\/?page_id=1212"},"modified":"2025-05-15T11:40:11","modified_gmt":"2025-05-15T09:40:11","slug":"il-etait-une-fois-les-revolutions","status":"publish","type":"page","link":"https:\/\/editionsdudetour.com\/index.php\/les-livres\/il-etait-une-fois-les-revolutions\/","title":{"rendered":"Il \u00e9tait une fois les r\u00e9volutions"},"content":{"rendered":"\n<div class=\"wp-block-image\"><figure class=\"alignleft size-medium\"><img loading=\"lazy\" width=\"191\" height=\"300\" src=\"http:\/\/editionsdudetour.com\/wp-content\/uploads\/2020\/08\/couv-Il-etait-une-fois-les-revolutions-191x300.jpg\" alt=\"\" class=\"wp-image-3251\" srcset=\"https:\/\/editionsdudetour.com\/wp-content\/uploads\/2020\/08\/couv-Il-etait-une-fois-les-revolutions-191x300.jpg 191w, https:\/\/editionsdudetour.com\/wp-content\/uploads\/2020\/08\/couv-Il-etait-une-fois-les-revolutions-651x1024.jpg 651w, https:\/\/editionsdudetour.com\/wp-content\/uploads\/2020\/08\/couv-Il-etait-une-fois-les-revolutions-768x1208.jpg 768w, https:\/\/editionsdudetour.com\/wp-content\/uploads\/2020\/08\/couv-Il-etait-une-fois-les-revolutions-977x1536.jpg 977w, https:\/\/editionsdudetour.com\/wp-content\/uploads\/2020\/08\/couv-Il-etait-une-fois-les-revolutions-1302x2048.jpg 1302w, https:\/\/editionsdudetour.com\/wp-content\/uploads\/2020\/08\/couv-Il-etait-une-fois-les-revolutions-624x981.jpg 624w, https:\/\/editionsdudetour.com\/wp-content\/uploads\/2020\/08\/couv-Il-etait-une-fois-les-revolutions-1320x2076.jpg 1320w, https:\/\/editionsdudetour.com\/wp-content\/uploads\/2020\/08\/couv-Il-etait-une-fois-les-revolutions-scaled.jpg 1628w\" sizes=\"(max-width: 191px) 100vw, 191px\" \/><\/figure><\/div>\n\n\n\n<h1><\/h1>\n\n\n\n<h1>Il \u00e9tait une fois les r\u00e9volutions<\/h1>\n\n\n\n<h3>Mathilde Larr\u00e8re<\/h3>\n\n\n\n<p><strong>Illustrations d&rsquo;Agata Frydrych<\/strong><\/p>\n\n\n\n<p class=\"p1\"><span class=\"s1\"><i>Il \u00e9tait une fois les r\u00e9volutions<\/i> regroupe les textes que l&rsquo;historienne Mathilde Larr\u00e8re a \u00e9crits initialement pour ceux qui la suivent sur Twitter ou dans ses chroniques, sur le th\u00e8me des r\u00e9volutions. Elle nous fait vivre, \u00e0 leurs dates anniversaires, le r\u00e9cit des luttes qui ont contribu\u00e9 \u00e0 \u00e9manciper les peuples et les fait r\u00e9sonner avec les combats d&rsquo;aujourd&rsquo;hui.<\/span><\/p>\n\n\n\n<p class=\"p1\"><span class=\"s1\"><i>Il \u00e9tait une fois la R\u00e9volution<\/i> est une merveille d&rsquo;habilet\u00e9, m\u00ealant exigence historique et humour. L&rsquo;\u00e9nergie communicative de l&rsquo;autrice redonne toute sa force au courage de ces h\u00e9ros et h\u00e9ro\u00efnes du pass\u00e9.<\/span><\/p>\n\n\n\n<p class=\"p1\"><span class=\"s1\">Le lecteur peut piocher, mois par mois, dans les r\u00e9cits :<span class=\"Apple-converted-space\">  <\/span>r\u00e9volutions du XIX<sup>e<\/sup> et du XX<sup>e<\/sup>\u202fsi\u00e8cles, anecdotes surprenantes, faits historiques m\u00e9connus, chansons, slogans, tags, recettes de cuisine\u2026 Ces textes nous parlent des r\u00e9volutions du monde entier et de celles et ceux qui ont lutt\u00e9 pour la libert\u00e9, et du devenir de leurs espoirs. Une chronologie et un index permettent des recherches th\u00e9matiques. L&rsquo;ouvrage est enrichi d&rsquo;illustrations.<\/span><\/p>\n\n\n\n<p class=\"p1\"><span class=\"s1\"><i>R\u00e9volution fran\u00e7aise, Ha\u00efti, 1830, 1848, La Commune, Mexique, Russie, Allemagne, Chine, Cuba, mai\u202f1968, Portugal,<span class=\"Apple-converted-space\">  <\/span>etc.<\/i><\/span><\/p>\n\n\n\n<p>Cet ouvrage a puis\u00e9 sa mati\u00e8re premi\u00e8re dans des recherches et des livres qu\u2019il n\u2019avait pas cit\u00e9s, tout en les reprenant en partie. Nous nous en excusons aupr\u00e8s de leurs auteurs. Les voici :&nbsp;<em class=\"\">R\u00e9volutions&nbsp;: Quand les peuples font l\u2019histoire<\/em>, F\u00e9lix Chartreux, Maud Chirio, Mathilde Larr\u00e8re,&nbsp;Vincent Lemire et&nbsp;Eug\u00e9nia Palieraki, Belin, 2013, r\u00e9\u00e9dition 2017&nbsp;;&nbsp;<em class=\"\">1968&nbsp;:&nbsp;De grand soirs en petits matins<\/em>, Ludivine Bantigny, Le Seuil, 2018, r\u00e9\u00e9dition 2020. Vous trouverez ci-dessous dans l&rsquo;introduction une mise-\u00e0-jour bibliographique.&nbsp;<\/p>\n\n\n\n<div class=\"wp-block-image wp-image-1103 size-thumbnail\"><figure class=\"alignleft size-thumbnail\"><img loading=\"lazy\" width=\"150\" height=\"150\" src=\"http:\/\/editionsdudetour.com\/wp-content\/uploads\/2022\/10\/mathilde-larrere-c-Julien-Jaulin-edited-150x150.jpg\" alt=\"\" class=\"wp-image-3253\" srcset=\"https:\/\/editionsdudetour.com\/wp-content\/uploads\/2022\/10\/mathilde-larrere-c-Julien-Jaulin-edited-150x150.jpg 150w, https:\/\/editionsdudetour.com\/wp-content\/uploads\/2022\/10\/mathilde-larrere-c-Julien-Jaulin-edited-300x300.jpg 300w, https:\/\/editionsdudetour.com\/wp-content\/uploads\/2022\/10\/mathilde-larrere-c-Julien-Jaulin-edited-1024x1022.jpg 1024w, https:\/\/editionsdudetour.com\/wp-content\/uploads\/2022\/10\/mathilde-larrere-c-Julien-Jaulin-edited-768x766.jpg 768w, https:\/\/editionsdudetour.com\/wp-content\/uploads\/2022\/10\/mathilde-larrere-c-Julien-Jaulin-edited-1536x1533.jpg 1536w, https:\/\/editionsdudetour.com\/wp-content\/uploads\/2022\/10\/mathilde-larrere-c-Julien-Jaulin-edited-2048x2044.jpg 2048w, https:\/\/editionsdudetour.com\/wp-content\/uploads\/2022\/10\/mathilde-larrere-c-Julien-Jaulin-edited-624x623.jpg 624w, https:\/\/editionsdudetour.com\/wp-content\/uploads\/2022\/10\/mathilde-larrere-c-Julien-Jaulin-edited-1320x1317.jpg 1320w\" sizes=\"(max-width: 150px) 100vw, 150px\" \/><figcaption>@Julien Jaulin<\/figcaption><\/figure><\/div>\n\n\n\n<p class=\"p1\"><span class=\"s2\"><span style=\"color:#a30035\" class=\"tadv-color\"><strong>Mathilde Larr\u00e8re<\/strong><\/span> est historienne sp\u00e9cialiste du XIX<sup>e<\/sup>\u202fsi\u00e8cle. Elle enseigne \u00e0 l&rsquo;universit\u00e9 de Marne-la-Vall\u00e9e. Elle tient \u00e9galement une chronique d&rsquo;histoire pour <i>Arr\u00eat sur Image<\/i> et dirige, avec Laurence De Cock, pour <i>Politis<\/i>, la rubrique \u00ab\u00a0L&rsquo;Histoire n&rsquo;est pas un roman\u00a0\u00bb. Pour lire ses threads historiques sur Twitter\u2009: @LarrereMathilde.<\/span> <\/p>\n\n\n\n<p>Elle est l&rsquo;autrice, aux \u00e9dition de D\u00e9tour, de <a href=\"http:\/\/editionsdudetour.com\/index.php\/les-livres\/rage-against-the-machisme\/\"><em>Rage against the machisme<\/em><\/a><a href=\"http:\/\/editionsdudetour.com\/index.php\/les-livres\/il-etait-une-fois-les-revolutions\/\"><\/a> (2020) et  <a href=\"http:\/\/editionsdudetour.com\/index.php\/les-livres\/des-intrus-en-politique\/\"><em>Des intrus en politique \u2014 Femmes et minorit\u00e9s : dominations et r\u00e9sistances<\/em><\/a> avec Aude Lorriaux (2018).<\/p>\n\n\n\n<p>En savoir plus en visitant\u00a0<a href=\"http:\/\/editionsdudetour.com\/index.php\/mathilde-larrere-plus-dinfos-2\/\" data-type=\"URL\" data-id=\"http:\/\/editionsdudetour.com\/index.php\/mathilde-larrere-plus-dinfos-2\/\" target=\"_blank\" rel=\"noreferrer noopener\"><strong>la page d\u00e9di\u00e9e<\/strong>.<\/a><\/p>\n\n\n\n<figure class=\"wp-block-table\"><table><tbody><tr><td>Parution : 3 octobre 2019<\/td><\/tr><tr><td>Livre : 18,90 \u20ac<\/td><\/tr><tr><td>224 pages<\/td><\/tr><tr><td>Format : 14 X 22 cm<\/td><\/tr><tr><td>ISBN : 979-10-97079-46-8<\/td><\/tr><\/tbody><\/table><\/figure>\n\n\n\n<p><\/p>\n\n\n\n<h3>&nbsp;<\/h3>\n<h3 class=\"wp-block-preformatted\">Extrait et table des mati\u00e8res<\/h3>\n<p>&nbsp;<\/p>\n\n\n\t\t<style>\r\n            #h5vp69ded992b8f1b iframe {  width: 100%; }        <\/style>\r\n        \t    <div id=\"h5vp69ded992b8f1b\" class=\"pdfp_wrapper\">\r\n                        <div class=\"cta_wrapper\">\r\n                \t            <p><a class=\"fullscreenBtn\" href=\"https:\/\/editionsdudetour.com\/wp-content\/plugins\/pdf-poster\/pdfjs\/web\/viewer.html?file=http:\/\/editionsdudetour.com\/wp-content\/uploads\/2020\/08\/Il-e\u0301tait-une-fois-les-re\u0301volution.-extrait-1.pdf&#038;download=true&#038;print=&#038;openfile=false\"><button>View Fullscreen<\/button><\/a><\/p>\r\n            <\/div>\r\n            <div class=\"iframe_wrapper\">\r\n                <iframe loading=\"lazy\" width=\"100%\" height=\"1122px\" src=\"https:\/\/editionsdudetour.com\/wp-content\/plugins\/pdf-poster\/pdfjs\/web\/viewer.html?file=http:\/\/editionsdudetour.com\/wp-content\/uploads\/2020\/08\/Il-e\u0301tait-une-fois-les-re\u0301volution.-extrait-1.pdf&#038;download=true&#038;print=&#038;openfile=false\"><\/iframe>\r\n            <\/div>\r\n\t    <\/div>\r\n        \n\n","protected":false},"excerpt":{"rendered":"<p>Il \u00e9tait une fois les r\u00e9volutions Mathilde Larr\u00e8re Illustrations d&rsquo;Agata Frydrych Il \u00e9tait une fois les r\u00e9volutions regroupe les textes que l&rsquo;historienne Mathilde Larr\u00e8re a \u00e9crits initialement pour ceux qui la suivent sur Twitter ou dans ses chroniques, sur le th\u00e8me des r\u00e9volutions. Elle nous fait vivre, \u00e0 leurs dates anniversaires, le r\u00e9cit des luttes [&hellip;]<\/p>\n","protected":false},"author":1,"featured_media":0,"parent":14,"menu_order":0,"comment_status":"closed","ping_status":"closed","template":"","meta":[],"_links":{"self":[{"href":"https:\/\/editionsdudetour.com\/index.php\/wp-json\/wp\/v2\/pages\/1212"}],"collection":[{"href":"https:\/\/editionsdudetour.com\/index.php\/wp-json\/wp\/v2\/pages"}],"about":[{"href":"https:\/\/editionsdudetour.com\/index.php\/wp-json\/wp\/v2\/types\/page"}],"author":[{"embeddable":true,"href":"https:\/\/editionsdudetour.com\/index.php\/wp-json\/wp\/v2\/users\/1"}],"replies":[{"embeddable":true,"href":"https:\/\/editionsdudetour.com\/index.php\/wp-json\/wp\/v2\/comments?post=1212"}],"version-history":[{"count":17,"href":"https:\/\/editionsdudetour.com\/index.php\/wp-json\/wp\/v2\/pages\/1212\/revisions"}],"predecessor-version":[{"id":6169,"href":"https:\/\/editionsdudetour.com\/index.php\/wp-json\/wp\/v2\/pages\/1212\/revisions\/6169"}],"up":[{"embeddable":true,"href":"https:\/\/editionsdudetour.com\/index.php\/wp-json\/wp\/v2\/pages\/14"}],"wp:attachment":[{"href":"https:\/\/editionsdudetour.com\/index.php\/wp-json\/wp\/v2\/media?parent=1212"}],"curies":[{"name":"wp","href":"https:\/\/api.w.org\/{rel}","templated":true}]}}