{"id":1117,"date":"2019-08-23T23:33:04","date_gmt":"2019-08-23T21:33:04","guid":{"rendered":"http:\/\/editionsdudetour.com\/?page_id=1117"},"modified":"2022-05-18T15:00:11","modified_gmt":"2022-05-18T13:00:11","slug":"convois","status":"publish","type":"page","link":"https:\/\/editionsdudetour.com\/index.php\/les-livres\/convois\/","title":{"rendered":"Convois"},"content":{"rendered":"\n<h1><a href=\"http:\/\/editionsdudetour.com\/wp-content\/uploads\/2020\/08\/Convois-couverture-scaled.jpg\"><img loading=\"lazy\" class=\"wp-image-1091 size-medium alignleft\" src=\"http:\/\/editionsdudetour.com\/wp-content\/uploads\/2019\/07\/couv-convoi-avec-bandeau-200x300.jpg\" alt=\"\" width=\"200\" height=\"300\" srcset=\"https:\/\/editionsdudetour.com\/wp-content\/uploads\/2019\/07\/couv-convoi-avec-bandeau-200x300.jpg 200w, https:\/\/editionsdudetour.com\/wp-content\/uploads\/2019\/07\/couv-convoi-avec-bandeau-768x1153.jpg 768w, https:\/\/editionsdudetour.com\/wp-content\/uploads\/2019\/07\/couv-convoi-avec-bandeau-682x1024.jpg 682w, https:\/\/editionsdudetour.com\/wp-content\/uploads\/2019\/07\/couv-convoi-avec-bandeau-624x936.jpg 624w, https:\/\/editionsdudetour.com\/wp-content\/uploads\/2019\/07\/couv-convoi-avec-bandeau-1320x1981.jpg 1320w, https:\/\/editionsdudetour.com\/wp-content\/uploads\/2019\/07\/couv-convoi-avec-bandeau.jpg 1889w\" sizes=\"(max-width: 200px) 100vw, 200px\" \/><\/a><\/h1>\n\n\n\n<h1>Convois<\/h1>\n\n\n\n<h2><em>La D\u00e9portation des Juifs de France<\/em><\/h2>\n\n\n\n<h3><span style=\"color: #993300; font-size: 14pt;\">Jean-Luc Pinol<\/span><\/h3>\n\n\n\n<p><strong>Pr\u00e9face de Serge Klarsfeld<\/strong><\/p>\n\n\n\n<p><span style=\"color: #993300;\"><span style=\"color:#000000\" class=\"tadv-color\">De 1942 \u00e0 1944, plus de<\/span><\/span><span style=\"color:#000000\" class=\"tadv-color\"><span style=\"color: #993300;\"> <\/span><\/span><span style=\"color: #993300;\"><span style=\"color:#000000\" class=\"tadv-color\">76 convois ont d\u00e9port\u00e9<\/span><\/span><span style=\"color:#000000\" class=\"tadv-color\">, depuis la France, 75 000 Juifs<\/span> \u2014 dont 11 400 enfants \u2014 vers les camps d\u2019extermination. L\u2019historien Jean-Luc Pinol propose une nouvelle lecture de cette histoire, analysant les ressorts de la d\u00e9portation, le r\u00f4le des acteurs (arm\u00e9e allemande, Gestapo, \u00c9tat fran\u00e7ais&#8230;), et les parcours de ses victimes, enfants, femmes et hommes originaires de toute l\u2019Europe.<\/p>\n\n\n\n<p>Jean-Luc Pinol a cartographi\u00e9 et \u00e9tudi\u00e9 les donn\u00e9es du <em>M\u00e9morial de la d\u00e9portation des Juifs de France <\/em>\u00e9tabli par Serge Klarsfeld qui comprend, outre les d\u00e9port\u00e9s, les Juifs fusill\u00e9s ou massacr\u00e9s sur le territoire fran\u00e7ais (plus de 1 200) ainsi que les morts dans les camps fran\u00e7ais (2 500). La pers\u00e9cution ne se manifeste pas de la m\u00eame mani\u00e8re pour les natifs de Varsovie, de Berlin, de Salonique ou de Paris. De m\u00eame, l\u2019anciennet\u00e9 de l\u2019installation en France et le lieu d\u2019habitation conditionnent bien souvent les circonstances des arrestations. Pourquoi tant de Strasbourgeois ont-ils \u00e9t\u00e9 arr\u00eat\u00e9s en Dordogne ? Pourquoi de nombreux originaires de Pologne ont-ils \u00e9t\u00e9 rafl\u00e9s dans les Ardennes ? Ainsi, <em>Convois<\/em> donne \u00e0 lire dans l\u2019espace et le temps l\u2019ampleur de l\u2019\u00e9v\u00e9nement (toute la France est touch\u00e9e et souvent tr\u00e8s durement) mais aussi les sp\u00e9cificit\u00e9s de chaque communaut\u00e9. Se lit aussi la complexit\u00e9 des destins individuels et collectifs. <\/p>\n\n\n\n<p><span style=\"color: #993300;\"><strong>Jean-Luc Pinol<\/strong><\/span>, professeur \u00e9m\u00e9rite de l\u2019\u00c9cole normale sup\u00e9rieure de Lyon, est sp\u00e9cialiste d\u2019histoire urbaine contemporaine. Il est \u00e9galement un acteur majeur de l\u2019analyse spatiale en histoire, discipline s\u2019appuyant sur la visualisation des donn\u00e9es historiques pour proposer une analyse dans le temps et dans l\u2019espace. <br>Il est membre du laboratoire de recherche historique Rh\u00f4ne-Alpes. Il a \u00e9galement publi\u00e9 aux \u00e9ditions du D\u00e9tour, avec Maurice Garden, de <em><a href=\"http:\/\/editionsdudetour.com\/index.php\/les-livres\/seize-promenades-historiques-dans-paris\/\"><strong>Seize promenades historiques dans Paris.<\/strong><\/a><\/em><\/p>\n\n\n\n<p>L\u2019ouvrage contient 130 cartes dont la carte d\u2019analyse de chacun des convois de d\u00e9portation.<\/p>\n\n\n\n<p class=\"has-text-align-center has-normal-font-size\"><span style=\"color:#8b0104\" class=\"tadv-color\"><strong>\u00ab <em>Une&nbsp;nouvelle&nbsp;page&nbsp;de&nbsp;l\u2019histoire&nbsp;de&nbsp;la&nbsp;Shoah<\/em> \u00bb <\/strong><\/span><br><span style=\"font-size:20px;\">S<\/span><span style=\"font-size:15px;\">ERGE<\/span>&nbsp;<span style=\"font-size:20px;\">K<\/span><span style=\"font-size:15px;\">LARSFELD<\/span><\/p>\n\n\n\n<figure class=\"wp-block-table\"><table><tbody><tr><td>Parution : 26 septembre 2019<\/td><\/tr><tr><td>Livre : 24,90 \u20ac<\/td><\/tr><tr><td>320 pages<\/td><\/tr><tr><td>Format : 16 X 24 cm<\/td><\/tr><tr><td>ISBN : 979-10-97079-45-1<\/td><\/tr><\/tbody><\/table><\/figure>\n\n\n\n<h3>Premi\u00e8res pages et table des mati\u00e8res<\/h3>\n\n\n\t\t<style>\r\n            #h5vp69ff33cc4e563 iframe {  width: 100%; }        <\/style>\r\n        \t    <div id=\"h5vp69ff33cc4e563\" class=\"pdfp_wrapper\">\r\n                        <div class=\"cta_wrapper\">\r\n                \t            <p><a class=\"fullscreenBtn\" href=\"https:\/\/editionsdudetour.com\/wp-content\/plugins\/pdf-poster\/pdfjs\/web\/viewer.html?file=http:\/\/editionsdudetour.com\/wp-content\/uploads\/2020\/08\/9782493229991.pdf&#038;download=true&#038;print=&#038;openfile=false\"><button>View Fullscreen<\/button><\/a><\/p>\r\n            <\/div>\r\n            <div class=\"iframe_wrapper\">\r\n                <iframe loading=\"lazy\" width=\"100%\" height=\"1122px\" src=\"https:\/\/editionsdudetour.com\/wp-content\/plugins\/pdf-poster\/pdfjs\/web\/viewer.html?file=http:\/\/editionsdudetour.com\/wp-content\/uploads\/2020\/08\/9782493229991.pdf&#038;download=true&#038;print=&#038;openfile=false\"><\/iframe>\r\n            <\/div>\r\n\t    <\/div>\r\n        ","protected":false},"excerpt":{"rendered":"<p>Convois La D\u00e9portation des Juifs de France Jean-Luc Pinol Pr\u00e9face de Serge Klarsfeld De 1942 \u00e0 1944, plus de 76 convois ont d\u00e9port\u00e9, depuis la France, 75 000 Juifs \u2014 dont 11 400 enfants \u2014 vers les camps d\u2019extermination. L\u2019historien Jean-Luc Pinol propose une nouvelle lecture de cette histoire, analysant les ressorts de la d\u00e9portation, [&hellip;]<\/p>\n","protected":false},"author":1,"featured_media":0,"parent":14,"menu_order":0,"comment_status":"closed","ping_status":"closed","template":"","meta":[],"_links":{"self":[{"href":"https:\/\/editionsdudetour.com\/index.php\/wp-json\/wp\/v2\/pages\/1117"}],"collection":[{"href":"https:\/\/editionsdudetour.com\/index.php\/wp-json\/wp\/v2\/pages"}],"about":[{"href":"https:\/\/editionsdudetour.com\/index.php\/wp-json\/wp\/v2\/types\/page"}],"author":[{"embeddable":true,"href":"https:\/\/editionsdudetour.com\/index.php\/wp-json\/wp\/v2\/users\/1"}],"replies":[{"embeddable":true,"href":"https:\/\/editionsdudetour.com\/index.php\/wp-json\/wp\/v2\/comments?post=1117"}],"version-history":[{"count":59,"href":"https:\/\/editionsdudetour.com\/index.php\/wp-json\/wp\/v2\/pages\/1117\/revisions"}],"predecessor-version":[{"id":3086,"href":"https:\/\/editionsdudetour.com\/index.php\/wp-json\/wp\/v2\/pages\/1117\/revisions\/3086"}],"up":[{"embeddable":true,"href":"https:\/\/editionsdudetour.com\/index.php\/wp-json\/wp\/v2\/pages\/14"}],"wp:attachment":[{"href":"https:\/\/editionsdudetour.com\/index.php\/wp-json\/wp\/v2\/media?parent=1117"}],"curies":[{"name":"wp","href":"https:\/\/api.w.org\/{rel}","templated":true}]}}