{"id":1049,"date":"2019-05-19T15:37:22","date_gmt":"2019-05-19T13:37:22","guid":{"rendered":"http:\/\/editionsdudetour.com\/?page_id=1049"},"modified":"2021-12-12T15:44:08","modified_gmt":"2021-12-12T14:44:08","slug":"voyage-en-misarchie-2","status":"publish","type":"page","link":"https:\/\/editionsdudetour.com\/index.php\/les-livres\/voyage-en-misarchie-2\/","title":{"rendered":"Voyage en misarchie"},"content":{"rendered":"<h1><a href=\"http:\/\/editionsdudetour.com\/wp-content\/uploads\/2020\/08\/Voyage-en-Misarchie-poche-couverture.jpg\"><img loading=\"lazy\" class=\" wp-image-965 alignleft\" src=\"http:\/\/editionsdudetour.com\/wp-content\/uploads\/2019\/03\/couv-voyage-en-misarchie-poche.png\" alt=\"\" width=\"286\" height=\"435\" srcset=\"https:\/\/editionsdudetour.com\/wp-content\/uploads\/2019\/03\/couv-voyage-en-misarchie-poche.png 541w, https:\/\/editionsdudetour.com\/wp-content\/uploads\/2019\/03\/couv-voyage-en-misarchie-poche-197x300.png 197w\" sizes=\"(max-width: 286px) 100vw, 286px\" \/><\/a><\/h1>\n<h1>Voyage en misarchie<\/h1>\n<h2><em>Essai pour tout reconstruire<\/em><\/h2>\n<p>Nouvelle \u00e9dition en format semi-poche<\/p>\n<h3><span style=\"color: #993300;\">Emmanuel Dock\u00e8s<br \/><\/span><\/h3>\n<p style=\"padding-left: 40px;\"><em>Je me suis r\u00e9gal\u00e9 en lisant le magnifique <\/em>Voyage en misarchie<em> d\u2019Emmanuel Dock\u00e8s. Quel souffle et quel talent\u00a0! Le syst\u00e8me de circulation du pouvoir et de la propri\u00e9t\u00e9 qu&rsquo;il d\u00e9crit avec humour et gourmandise ouvre des pistes prometteuses pour l&rsquo;avenir. Vive le roman et la fiction au service de la critique sociale\u00a0! \u00c0 lire absolument\u00a0!<\/em><br \/>Thomas Piketty<\/p>\n<p><strong>Misarchie<\/strong>. <em>n.f.<\/em> : r\u00e9gime dont le principe est une r\u00e9duction maximale des pouvoirs et des dominations.<\/p>\n<p>S\u00e9bastien est professeur de droit. \u00c0 la suite d\u2019un accident d\u2019avion, il se retrouve sur une terre inconnue qu\u2019il va peu \u00e0 peu d\u00e9couvrir et dont l\u2019organisation politique est une forme radicale de d\u00e9mocratie, politique, \u00e9conomique et sociale : la misarchie. Une utopie politique pour penser autre soci\u00e9t\u00e9, plus libre, plus \u00e9galitaire, plus diverse.<\/p>\n<p>Emmanuel Dock\u00e8s expose dans cet essai ses propositions pour repenser notre soci\u00e9t\u00e9 dans tous ses aspects. Au fil de l\u2019ouvrage, l\u2019auteur mobilise les id\u00e9es les plus progressistes et les plus audacieuses sur la monnaie, la d\u00e9mocratie participative, le partage du travail, la propri\u00e9t\u00e9 d\u2019usage, la rotation des familles, l\u2019autogestion, la libert\u00e9 d\u2019entreprendre, les services publics, l\u2019autod\u00e9termination\u2026<br \/>Ce livre nous entra\u00eene dans une aventure politique concr\u00e8te, dans un pays o\u00f9 les r\u00e8gles visent \u00e0 emp\u00eacher les abus de pouvoir et \u00e0 pr\u00e9server les libert\u00e9s (avec toute l\u2019imperfection que cela implique). L\u2019ouvrage prend la forme fac\u00e9tieuse du t\u00e9moignage fictif d\u2019un personnage englu\u00e9 dans les pr\u00e9jug\u00e9s de notre \u00e9poque, perdu sur une terre inconnue dont il va d\u00e9couvrir les r\u00e8gles et les m\u0153urs.<\/p>\n<p><span style=\"color: #993300;\"><span style=\"color: #000000;\">Juriste engag\u00e9 <\/span><strong>Emmanuel Dock\u00e8s<\/strong><\/span> est professeur de droit du travail \u00e0 l\u2019universit\u00e9 Paris Ouest Nanterre. Il r\u00e9fl\u00e9chit et \u00e9crit \u00e9galement au-del\u00e0 du domaine juridique, et notamment sur les rapports de pouvoir en d\u00e9mocratie. Il collabore \u00e0 plusieurs exp\u00e9rimentations misarchiques. Il a ainsi particip\u00e9 \u00e0 l\u2019exposition <em>Lieux infinis<\/em> \u00e0 la Biennale d\u2019architecture de Venise en 2018 sur le th\u00e8me de friches, avec le collectif rennais de l\u2019H\u00f4tel Pasteur.<\/p>\n<p>Illustration de couverte : Agata Frydrych<\/p>\n<table style=\"width: 100%; height: 222px;\">\n<tbody>\n<tr style=\"height: 37px;\">\n<td style=\"height: 37px;\">Parution : 16 mai 2019<\/td>\n<\/tr>\n<tr style=\"height: 37px;\">\n<td style=\"height: 37px;\">Livre : 13,90 \u20ac<\/td>\n<\/tr>\n<tr style=\"height: 37px;\">\n<td style=\"height: 37px;\">560 pages<\/td>\n<\/tr>\n<tr style=\"height: 37px;\">\n<td style=\"height: 37px;\">Format : 12,5 X 19 cm<\/td>\n<\/tr>\n<tr style=\"height: 37px;\">\n<td style=\"height: 37px;\">ISBN : 979-10-97079-44-4<\/td>\n<\/tr>\n<tr style=\"height: 37px;\">\n<td style=\"height: 37px;\">Epub : 10,99 \u20ac<\/td>\n<\/tr>\n<\/tbody>\n<\/table>\n\n\n<h3>Tables<\/h3>\n\n\n\t\t<style>\r\n            #h5vp69f31239d60d9 iframe {  width: 100%; }        <\/style>\r\n        \t    <div id=\"h5vp69f31239d60d9\" class=\"pdfp_wrapper\">\r\n                        <div class=\"cta_wrapper\">\r\n                \t            <p><a class=\"fullscreenBtn\" href=\"https:\/\/editionsdudetour.com\/wp-content\/plugins\/pdf-poster\/pdfjs\/web\/viewer.html?file=http:\/\/editionsdudetour.com\/wp-content\/uploads\/2020\/08\/Voyage-en-Misarchie-poche-extraits.pdf&#038;download=true&#038;print=&#038;openfile=false\"><button>View Fullscreen<\/button><\/a><\/p>\r\n            <\/div>\r\n            <div class=\"iframe_wrapper\">\r\n                <iframe loading=\"lazy\" width=\"100%\" height=\"1122px\" src=\"https:\/\/editionsdudetour.com\/wp-content\/plugins\/pdf-poster\/pdfjs\/web\/viewer.html?file=http:\/\/editionsdudetour.com\/wp-content\/uploads\/2020\/08\/Voyage-en-Misarchie-poche-extraits.pdf&#038;download=true&#038;print=&#038;openfile=false\"><\/iframe>\r\n            <\/div>\r\n\t    <\/div>\r\n        \n\n\n\n\n<p><\/p>\n","protected":false},"excerpt":{"rendered":"<p>Voyage en misarchie Essai pour tout reconstruire Nouvelle \u00e9dition en format semi-poche Emmanuel Dock\u00e8s Je me suis r\u00e9gal\u00e9 en lisant le magnifique Voyage en misarchie d\u2019Emmanuel Dock\u00e8s. Quel souffle et quel talent\u00a0! Le syst\u00e8me de circulation du pouvoir et de la propri\u00e9t\u00e9 qu&rsquo;il d\u00e9crit avec humour et gourmandise ouvre des pistes prometteuses pour l&rsquo;avenir. Vive [&hellip;]<\/p>\n","protected":false},"author":1,"featured_media":0,"parent":14,"menu_order":0,"comment_status":"closed","ping_status":"closed","template":"","meta":[],"_links":{"self":[{"href":"https:\/\/editionsdudetour.com\/index.php\/wp-json\/wp\/v2\/pages\/1049"}],"collection":[{"href":"https:\/\/editionsdudetour.com\/index.php\/wp-json\/wp\/v2\/pages"}],"about":[{"href":"https:\/\/editionsdudetour.com\/index.php\/wp-json\/wp\/v2\/types\/page"}],"author":[{"embeddable":true,"href":"https:\/\/editionsdudetour.com\/index.php\/wp-json\/wp\/v2\/users\/1"}],"replies":[{"embeddable":true,"href":"https:\/\/editionsdudetour.com\/index.php\/wp-json\/wp\/v2\/comments?post=1049"}],"version-history":[{"count":18,"href":"https:\/\/editionsdudetour.com\/index.php\/wp-json\/wp\/v2\/pages\/1049\/revisions"}],"predecessor-version":[{"id":2686,"href":"https:\/\/editionsdudetour.com\/index.php\/wp-json\/wp\/v2\/pages\/1049\/revisions\/2686"}],"up":[{"embeddable":true,"href":"https:\/\/editionsdudetour.com\/index.php\/wp-json\/wp\/v2\/pages\/14"}],"wp:attachment":[{"href":"https:\/\/editionsdudetour.com\/index.php\/wp-json\/wp\/v2\/media?parent=1049"}],"curies":[{"name":"wp","href":"https:\/\/api.w.org\/{rel}","templated":true}]}}