{"id":1028,"date":"2019-04-16T20:19:16","date_gmt":"2019-04-16T18:19:16","guid":{"rendered":"http:\/\/editionsdudetour.com\/?page_id=1028"},"modified":"2022-05-18T10:16:27","modified_gmt":"2022-05-18T08:16:27","slug":"1028-2","status":"publish","type":"page","link":"https:\/\/editionsdudetour.com\/index.php\/les-livres\/1028-2\/","title":{"rendered":"Eug\u00e8ne Varlin"},"content":{"rendered":"\n<h1><a href=\"http:\/\/editionsdudetour.com\/wp-content\/uploads\/2020\/08\/Eug\u00e8ne-Varlin-couverture.jpg\"><img loading=\"lazy\" class=\"wp-image-781 alignleft\" src=\"http:\/\/editionsdudetour.com\/wp-content\/uploads\/2019\/04\/Varlin_eugene.jpg\" alt=\"\" width=\"298\" height=\"452\">Eug\u00e8ne Varlin<\/a><\/h1>\n\n\n\n<p><strong><em><span style=\"font-size: 14pt;\">Aux origines du mouvement ouvrier<\/span><\/em><\/strong><\/p>\n\n\n\n<h3><span style=\"color: #993300;\">Jacques Rougerie<\/span><\/h3>\n\n\n\n<p>Jacques Rougerie nous livre une biographie passionnante d\u2019Eug\u00e8ne Varlin, figure majeure des mouvements r\u00e9volutionnaires du XIX<sup>e<\/sup> si\u00e8cle et de la Commune de Paris en 1871.<\/p>\n\n\n\n<p><strong><span style=\"color:#99002a\" class=\"tadv-color\">Eug\u00e8ne Varlin (1839-1871)<\/span><\/strong> est l\u2019une des personnalit\u00e9s les plus attachantes du mouvement ouvrier du XIX<sup>e<\/sup> si\u00e8cle. Ouvrier relieur, il adh\u00e8ra d\u00e8s 1865 \u00e0 l\u2019Association internationale des travailleurs (1<sup>re<\/sup> Internationale) au sein de laquelle il d\u00e9fendit contre la majorit\u00e9 le droit des femmes \u00e0 travailler et \u00e0 une r\u00e9mun\u00e9ration juste. Il fut un militant infatigable, Jules Val\u00e8s le d\u00e9crivit ainsi : \u00ab Son activit\u00e9 \u00e9tait prodigieuse. Pendant des ann\u00e9es, il se multiplia dans les associations ouvri\u00e8res ; il fut l\u2019\u00e2me de toutes les gr\u00e8ves, de toutes les manifestations. Son talent d\u2019organisation se r\u00e9v\u00e9la dans toutes les cr\u00e9ations auxquelles il prit part. \u00bb Ses dons de ma\u00eetre d\u2019\u0153uvre \u00e9clat\u00e8rent lors de la Commune o\u00f9, au sein de la commission des finances, il coordonna le fonctionnement quotidien d\u2019une ville assi\u00e9g\u00e9e de 2 millions d\u2019habitants ! D\u00e9fenseur de l\u2019une des derni\u00e8res barricades, arr\u00eat\u00e9, lynch\u00e9, il fut fusill\u00e9 le 28 mai 1871. Il avait 32 ans.<br>Ce livre n\u2019est pas seulement une biographie classique, mais aussi la chronique du d\u00e9veloppement du mouvement des soci\u00e9t\u00e9s ouvri\u00e8res des ann\u00e9es 1860 qui doit tant \u00e0 Varlin.<\/p>\n\n\n\n<p>Historien, <span style=\"color: #993300;\"><strong>Jacques Rougerie<\/strong><\/span> est sp\u00e9cialiste de la Commune de Paris, il en a renouvel\u00e9 l\u2019histoire en profondeur. Il a publi\u00e9 de nombreux ouvrages sur le sujet : <em>La Commune et les Communards<\/em>, Folio, r\u00e9\u00e9d. 2018, <em>Paris libre 1871<\/em>, r\u00e9\u00e9d. Point 2014, <em>Paris insurg\u00e9 : la Commune de 1871<\/em>, D\u00e9couvertes Gallimard, r\u00e9\u00e9d. 2012, <em>La commune de 1871<\/em>, \u00ab Que sais-je ? \u00bb, Puf, r\u00e9\u00e9d. 2014.<\/p>\n\n\n\n<p>Illustration de couverture : Julien Cau<\/p>\n\n\n\n<figure class=\"wp-block-table\"><table><tbody><tr><td>Collection \u00ab Le devenir du pass\u00e9 \u00bb<\/td><\/tr><tr><td>Parution : 25 avril 2019<\/td><\/tr><tr><td>Livre : 19,90 \u20ac<\/td><\/tr><tr><td>256 pages<\/td><\/tr><tr><td>Format : 14 X 22 cm<\/td><\/tr><tr><td>ISBN : 979-10-97079-42-0<\/td><\/tr><tr><td>Epub : 13,99 \u20ac<\/td><\/tr><\/tbody><\/table><\/figure>\n\n\n\n<h3>\u00a0<\/h3>\n<h3>Introduction et tables des mati\u00e8res<\/h3>\n<p>\u00a0<\/p>\n\n\n\t\t<style>\r\n            #h5vp69e1e0ab9ddbc iframe {  width: 100%; }        <\/style>\r\n        \t    <div id=\"h5vp69e1e0ab9ddbc\" class=\"pdfp_wrapper\">\r\n                        <div class=\"cta_wrapper\">\r\n                \t            <p><a class=\"fullscreenBtn\" href=\"https:\/\/editionsdudetour.com\/wp-content\/plugins\/pdf-poster\/pdfjs\/web\/viewer.html?file=http:\/\/editionsdudetour.com\/wp-content\/uploads\/2020\/08\/Euge\u0300ne-Varlin-pour-site.pdf&#038;download=true&#038;print=&#038;openfile=false\"><button>View Fullscreen<\/button><\/a><\/p>\r\n            <\/div>\r\n            <div class=\"iframe_wrapper\">\r\n                <iframe loading=\"lazy\" width=\"100%\" height=\"1122px\" src=\"https:\/\/editionsdudetour.com\/wp-content\/plugins\/pdf-poster\/pdfjs\/web\/viewer.html?file=http:\/\/editionsdudetour.com\/wp-content\/uploads\/2020\/08\/Euge\u0300ne-Varlin-pour-site.pdf&#038;download=true&#038;print=&#038;openfile=false\"><\/iframe>\r\n            <\/div>\r\n\t    <\/div>\r\n        ","protected":false},"excerpt":{"rendered":"<p>Eug\u00e8ne Varlin Aux origines du mouvement ouvrier Jacques Rougerie Jacques Rougerie nous livre une biographie passionnante d\u2019Eug\u00e8ne Varlin, figure majeure des mouvements r\u00e9volutionnaires du XIXe si\u00e8cle et de la Commune de Paris en 1871. Eug\u00e8ne Varlin (1839-1871) est l\u2019une des personnalit\u00e9s les plus attachantes du mouvement ouvrier du XIXe si\u00e8cle. Ouvrier relieur, il adh\u00e8ra d\u00e8s [&hellip;]<\/p>\n","protected":false},"author":1,"featured_media":0,"parent":14,"menu_order":0,"comment_status":"closed","ping_status":"closed","template":"","meta":[],"_links":{"self":[{"href":"https:\/\/editionsdudetour.com\/index.php\/wp-json\/wp\/v2\/pages\/1028"}],"collection":[{"href":"https:\/\/editionsdudetour.com\/index.php\/wp-json\/wp\/v2\/pages"}],"about":[{"href":"https:\/\/editionsdudetour.com\/index.php\/wp-json\/wp\/v2\/types\/page"}],"author":[{"embeddable":true,"href":"https:\/\/editionsdudetour.com\/index.php\/wp-json\/wp\/v2\/users\/1"}],"replies":[{"embeddable":true,"href":"https:\/\/editionsdudetour.com\/index.php\/wp-json\/wp\/v2\/comments?post=1028"}],"version-history":[{"count":9,"href":"https:\/\/editionsdudetour.com\/index.php\/wp-json\/wp\/v2\/pages\/1028\/revisions"}],"predecessor-version":[{"id":3028,"href":"https:\/\/editionsdudetour.com\/index.php\/wp-json\/wp\/v2\/pages\/1028\/revisions\/3028"}],"up":[{"embeddable":true,"href":"https:\/\/editionsdudetour.com\/index.php\/wp-json\/wp\/v2\/pages\/14"}],"wp:attachment":[{"href":"https:\/\/editionsdudetour.com\/index.php\/wp-json\/wp\/v2\/media?parent=1028"}],"curies":[{"name":"wp","href":"https:\/\/api.w.org\/{rel}","templated":true}]}}